{"id":8,"date":"2025-02-19T13:46:07","date_gmt":"2025-02-19T13:46:07","guid":{"rendered":"https:\/\/lucianocerqueira-terapeuta.pt\/?page_id=8"},"modified":"2025-02-19T14:57:43","modified_gmt":"2025-02-19T14:57:43","slug":"luciano-cerqueira-terapeuta","status":"publish","type":"page","link":"https:\/\/lucianocerqueira-terapeuta.pt\/","title":{"rendered":"Luciano Cerqueira &#8211; Terapeuta"},"content":{"rendered":"\t\t<div data-elementor-type=\"wp-page\" data-elementor-id=\"8\" class=\"elementor elementor-8\" data-elementor-post-type=\"page\">\n\t\t\t\t\t\t<section class=\"elementor-section elementor-top-section elementor-element elementor-element-52332f3a elementor-section-height-min-height elementor-section-boxed elementor-section-height-default elementor-section-items-middle\" data-id=\"52332f3a\" data-element_type=\"section\" data-settings=\"{&quot;background_background&quot;:&quot;classic&quot;}\">\n\t\t\t\t\t\t\t<div class=\"elementor-background-overlay\"><\/div>\n\t\t\t\t\t\t\t<div class=\"elementor-container elementor-column-gap-default\">\n\t\t\t\t\t<div class=\"elementor-column elementor-col-100 elementor-top-column elementor-element elementor-element-70737366\" data-id=\"70737366\" data-element_type=\"column\">\n\t\t\t<div class=\"elementor-widget-wrap elementor-element-populated\">\n\t\t\t\t\t\t<div class=\"elementor-element elementor-element-15d8e749 animated-slow elementor-widget__width-initial elementor-invisible elementor-widget elementor-widget-image\" data-id=\"15d8e749\" data-element_type=\"widget\" data-settings=\"{&quot;_animation&quot;:&quot;zoomIn&quot;}\" data-widget_type=\"image.default\">\n\t\t\t\t<div class=\"elementor-widget-container\">\n\t\t\t\t\t\t\t\t\t\t\t\t\t\t\t<img fetchpriority=\"high\" decoding=\"async\" width=\"1080\" height=\"824\" src=\"https:\/\/lucianocerqueira-terapeuta.pt\/wp-content\/uploads\/2025\/02\/Luciano-Cerqueira-1-e1710271154632.png\" class=\"attachment-full size-full wp-image-11\" alt=\"\" srcset=\"https:\/\/lucianocerqueira-terapeuta.pt\/wp-content\/uploads\/2025\/02\/Luciano-Cerqueira-1-e1710271154632.png 1080w, https:\/\/lucianocerqueira-terapeuta.pt\/wp-content\/uploads\/2025\/02\/Luciano-Cerqueira-1-e1710271154632-300x229.png 300w, https:\/\/lucianocerqueira-terapeuta.pt\/wp-content\/uploads\/2025\/02\/Luciano-Cerqueira-1-e1710271154632-1024x781.png 1024w, https:\/\/lucianocerqueira-terapeuta.pt\/wp-content\/uploads\/2025\/02\/Luciano-Cerqueira-1-e1710271154632-768x586.png 768w\" sizes=\"(max-width: 1080px) 100vw, 1080px\" \/>\t\t\t\t\t\t\t\t\t\t\t\t\t\t\t<\/div>\n\t\t\t\t<\/div>\n\t\t\t\t<div class=\"elementor-element elementor-element-4b87c515 animated-slow elementor-invisible elementor-widget elementor-widget-heading\" data-id=\"4b87c515\" data-element_type=\"widget\" data-settings=\"{&quot;_animation&quot;:&quot;fadeIn&quot;}\" data-widget_type=\"heading.default\">\n\t\t\t\t<div class=\"elementor-widget-container\">\n\t\t\t\t\t<h1 class=\"elementor-heading-title elementor-size-default\">Luciano Cerqueira<\/h1>\t\t\t\t<\/div>\n\t\t\t\t<\/div>\n\t\t\t\t<div class=\"elementor-element elementor-element-7ec4f710 animated-slow elementor-invisible elementor-widget elementor-widget-text-editor\" data-id=\"7ec4f710\" data-element_type=\"widget\" data-settings=\"{&quot;_animation&quot;:&quot;fadeIn&quot;}\" data-widget_type=\"text-editor.default\">\n\t\t\t\t<div class=\"elementor-widget-container\">\n\t\t\t\t\t\t\t\t\t<p data-pm-slice=\"1 1 []\">Terapeuta Energ\u00e9tico Espiritual<\/p>\t\t\t\t\t\t\t\t<\/div>\n\t\t\t\t<\/div>\n\t\t\t\t<section class=\"elementor-section elementor-inner-section elementor-element elementor-element-74a097ce elementor-section-boxed elementor-section-height-default elementor-section-height-default\" data-id=\"74a097ce\" data-element_type=\"section\">\n\t\t\t\t\t\t<div class=\"elementor-container elementor-column-gap-default\">\n\t\t\t\t\t<div class=\"elementor-column elementor-col-100 elementor-inner-column elementor-element elementor-element-64a8fd4f\" data-id=\"64a8fd4f\" data-element_type=\"column\">\n\t\t\t<div class=\"elementor-widget-wrap elementor-element-populated\">\n\t\t\t\t\t\t<div class=\"elementor-element elementor-element-402765b elementor-align-center elementor-mobile-align-center elementor-widget-mobile__width-initial animated-slow elementor-invisible elementor-widget elementor-widget-button\" data-id=\"402765b\" data-element_type=\"widget\" data-settings=\"{&quot;_animation&quot;:&quot;fadeIn&quot;}\" data-widget_type=\"button.default\">\n\t\t\t\t<div class=\"elementor-widget-container\">\n\t\t\t\t\t\t\t\t\t<div class=\"elementor-button-wrapper\">\n\t\t\t\t\t<a class=\"elementor-button elementor-button-link elementor-size-lg elementor-animation-grow\" href=\"https:\/\/api.whatsapp.com\/send?phone=351966450562&#038;text=Quero%20falar%20com%20o%20Luciano%20Cerqueira\" target=\"_blank\">\n\t\t\t\t\t\t<span class=\"elementor-button-content-wrapper\">\n\t\t\t\t\t\t<span class=\"elementor-button-icon\">\n\t\t\t\t<svg aria-hidden=\"true\" class=\"e-font-icon-svg e-fab-whatsapp\" viewBox=\"0 0 448 512\" xmlns=\"http:\/\/www.w3.org\/2000\/svg\"><path d=\"M380.9 97.1C339 55.1 283.2 32 223.9 32c-122.4 0-222 99.6-222 222 0 39.1 10.2 77.3 29.6 111L0 480l117.7-30.9c32.4 17.7 68.9 27 106.1 27h.1c122.3 0 224.1-99.6 224.1-222 0-59.3-25.2-115-67.1-157zm-157 341.6c-33.2 0-65.7-8.9-94-25.7l-6.7-4-69.8 18.3L72 359.2l-4.4-7c-18.5-29.4-28.2-63.3-28.2-98.2 0-101.7 82.8-184.5 184.6-184.5 49.3 0 95.6 19.2 130.4 54.1 34.8 34.9 56.2 81.2 56.1 130.5 0 101.8-84.9 184.6-186.6 184.6zm101.2-138.2c-5.5-2.8-32.8-16.2-37.9-18-5.1-1.9-8.8-2.8-12.5 2.8-3.7 5.6-14.3 18-17.6 21.8-3.2 3.7-6.5 4.2-12 1.4-32.6-16.3-54-29.1-75.5-66-5.7-9.8 5.7-9.1 16.3-30.3 1.8-3.7.9-6.9-.5-9.7-1.4-2.8-12.5-30.1-17.1-41.2-4.5-10.8-9.1-9.3-12.5-9.5-3.2-.2-6.9-.2-10.6-.2-3.7 0-9.7 1.4-14.8 6.9-5.1 5.6-19.4 19-19.4 46.3 0 27.3 19.9 53.7 22.6 57.4 2.8 3.7 39.1 59.7 94.8 83.8 35.2 15.2 49 16.5 66.6 13.9 10.7-1.6 32.8-13.4 37.4-26.4 4.6-13 4.6-24.1 3.2-26.4-1.3-2.5-5-3.9-10.5-6.6z\"><\/path><\/svg>\t\t\t<\/span>\n\t\t\t\t\t\t\t\t\t<span class=\"elementor-button-text\">CLIQUE AQUI E FALE COMIGO NO WHATSAPP<\/span>\n\t\t\t\t\t<\/span>\n\t\t\t\t\t<\/a>\n\t\t\t\t<\/div>\n\t\t\t\t\t\t\t\t<\/div>\n\t\t\t\t<\/div>\n\t\t\t\t\t<\/div>\n\t\t<\/div>\n\t\t\t\t\t<\/div>\n\t\t<\/section>\n\t\t\t\t<section class=\"elementor-section elementor-inner-section elementor-element elementor-element-6cc50c57 elementor-section-boxed elementor-section-height-default elementor-section-height-default\" data-id=\"6cc50c57\" data-element_type=\"section\">\n\t\t\t\t\t\t<div class=\"elementor-container elementor-column-gap-default\">\n\t\t\t\t\t<div class=\"elementor-column elementor-col-100 elementor-inner-column elementor-element elementor-element-17b2b830\" data-id=\"17b2b830\" data-element_type=\"column\">\n\t\t\t<div class=\"elementor-widget-wrap elementor-element-populated\">\n\t\t\t\t\t\t<div class=\"elementor-element elementor-element-5f5378f7 elementor-align-center animated-slow elementor-invisible elementor-widget elementor-widget-button\" data-id=\"5f5378f7\" data-element_type=\"widget\" data-settings=\"{&quot;_animation&quot;:&quot;fadeIn&quot;}\" data-widget_type=\"button.default\">\n\t\t\t\t<div class=\"elementor-widget-container\">\n\t\t\t\t\t\t\t\t\t<div class=\"elementor-button-wrapper\">\n\t\t\t\t\t<a class=\"elementor-button elementor-button-link elementor-size-lg elementor-animation-grow\" href=\"https:\/\/www.instagram.com\/lucianocerqueira.terapeuta\/\" target=\"_blank\">\n\t\t\t\t\t\t<span class=\"elementor-button-content-wrapper\">\n\t\t\t\t\t\t<span class=\"elementor-button-icon\">\n\t\t\t\t<svg aria-hidden=\"true\" class=\"e-font-icon-svg e-fab-instagram\" viewBox=\"0 0 448 512\" xmlns=\"http:\/\/www.w3.org\/2000\/svg\"><path d=\"M224.1 141c-63.6 0-114.9 51.3-114.9 114.9s51.3 114.9 114.9 114.9S339 319.5 339 255.9 287.7 141 224.1 141zm0 189.6c-41.1 0-74.7-33.5-74.7-74.7s33.5-74.7 74.7-74.7 74.7 33.5 74.7 74.7-33.6 74.7-74.7 74.7zm146.4-194.3c0 14.9-12 26.8-26.8 26.8-14.9 0-26.8-12-26.8-26.8s12-26.8 26.8-26.8 26.8 12 26.8 26.8zm76.1 27.2c-1.7-35.9-9.9-67.7-36.2-93.9-26.2-26.2-58-34.4-93.9-36.2-37-2.1-147.9-2.1-184.9 0-35.8 1.7-67.6 9.9-93.9 36.1s-34.4 58-36.2 93.9c-2.1 37-2.1 147.9 0 184.9 1.7 35.9 9.9 67.7 36.2 93.9s58 34.4 93.9 36.2c37 2.1 147.9 2.1 184.9 0 35.9-1.7 67.7-9.9 93.9-36.2 26.2-26.2 34.4-58 36.2-93.9 2.1-37 2.1-147.8 0-184.8zM398.8 388c-7.8 19.6-22.9 34.7-42.6 42.6-29.5 11.7-99.5 9-132.1 9s-102.7 2.6-132.1-9c-19.6-7.8-34.7-22.9-42.6-42.6-11.7-29.5-9-99.5-9-132.1s-2.6-102.7 9-132.1c7.8-19.6 22.9-34.7 42.6-42.6 29.5-11.7 99.5-9 132.1-9s102.7-2.6 132.1 9c19.6 7.8 34.7 22.9 42.6 42.6 11.7 29.5 9 99.5 9 132.1s2.7 102.7-9 132.1z\"><\/path><\/svg>\t\t\t<\/span>\n\t\t\t\t\t\t\t\t\t<span class=\"elementor-button-text\">CLIQUE AQUI E VISITE MEU INSTAGRAM<\/span>\n\t\t\t\t\t<\/span>\n\t\t\t\t\t<\/a>\n\t\t\t\t<\/div>\n\t\t\t\t\t\t\t\t<\/div>\n\t\t\t\t<\/div>\n\t\t\t\t<div class=\"elementor-element elementor-element-31d1007d elementor-widget-mobile__width-initial animated-slow elementor-invisible elementor-widget elementor-widget-text-editor\" data-id=\"31d1007d\" data-element_type=\"widget\" data-settings=\"{&quot;_animation&quot;:&quot;fadeIn&quot;}\" data-widget_type=\"text-editor.default\">\n\t\t\t\t<div class=\"elementor-widget-container\">\n\t\t\t\t\t\t\t\t\t<p><strong>Escolha um dos bot\u00f5es acima e entre em contato comigo.<\/strong><\/p>\t\t\t\t\t\t\t\t<\/div>\n\t\t\t\t<\/div>\n\t\t\t\t<div class=\"elementor-element elementor-element-6a20e48b animated-slow elementor-invisible elementor-widget elementor-widget-text-editor\" data-id=\"6a20e48b\" data-element_type=\"widget\" data-settings=\"{&quot;_animation&quot;:&quot;fadeIn&quot;}\" data-widget_type=\"text-editor.default\">\n\t\t\t\t<div class=\"elementor-widget-container\">\n\t\t\t\t\t\t\t\t\t<p>A privacidade de nossos clientes \u00e9 uma prioridade para n\u00f3s. Para isso, seguimos rigorosamente as diretrizes da Lei Geral de Prote\u00e7\u00e3o de Dados (LGPD). Garantimos que todas as informa\u00e7\u00f5es coletadas s\u00e3o usadas apenas para os fins espec\u00edficos autorizados pelos usu\u00e1rios e que todas as medidas de seguran\u00e7a necess\u00e1rias s\u00e3o adotadas para proteg\u00ea-las.<\/p>\t\t\t\t\t\t\t\t<\/div>\n\t\t\t\t<\/div>\n\t\t\t\t\t<\/div>\n\t\t<\/div>\n\t\t\t\t\t<\/div>\n\t\t<\/section>\n\t\t\t\t\t<\/div>\n\t\t<\/div>\n\t\t\t\t\t<\/div>\n\t\t<\/section>\n\t\t\t\t<section class=\"elementor-section elementor-top-section elementor-element elementor-element-714409b0 elementor-section-height-min-height elementor-section-boxed elementor-section-height-default elementor-section-items-middle\" data-id=\"714409b0\" data-element_type=\"section\" data-settings=\"{&quot;background_background&quot;:&quot;gradient&quot;}\">\n\t\t\t\t\t\t<div class=\"elementor-container elementor-column-gap-default\">\n\t\t\t\t\t<div class=\"elementor-column elementor-col-100 elementor-top-column elementor-element elementor-element-132f76d3\" data-id=\"132f76d3\" data-element_type=\"column\">\n\t\t\t<div class=\"elementor-widget-wrap\">\n\t\t\t\t\t\t\t<\/div>\n\t\t<\/div>\n\t\t\t\t\t<\/div>\n\t\t<\/section>\n\t\t\t\t<\/div>\n\t\t","protected":false},"excerpt":{"rendered":"<p>Luciano Cerqueira Terapeuta Energ\u00e9tico Espiritual CLIQUE AQUI E FALE COMIGO NO WHATSAPP CLIQUE AQUI E VISITE MEU INSTAGRAM Escolha um dos bot\u00f5es acima e entre em contato comigo. A privacidade de nossos clientes \u00e9 uma prioridade para n\u00f3s. Para isso, seguimos rigorosamente as diretrizes da Lei Geral de Prote\u00e7\u00e3o de Dados (LGPD). Garantimos que todas [&hellip;]<\/p>\n","protected":false},"author":1,"featured_media":23,"parent":0,"menu_order":0,"comment_status":"closed","ping_status":"closed","template":"elementor_canvas","meta":{"footnotes":""},"class_list":["post-8","page","type-page","status-publish","has-post-thumbnail","hentry"],"yoast_head":"<!-- This site is optimized with the Yoast SEO plugin v24.5 - https:\/\/yoast.com\/wordpress\/plugins\/seo\/ -->\n<title>Luciano Cerqueira - Terapeuta - Luciano Cerqueira<\/title>\n<meta name=\"robots\" content=\"index, follow, max-snippet:-1, max-image-preview:large, max-video-preview:-1\" \/>\n<link rel=\"canonical\" href=\"https:\/\/lucianocerqueira-terapeuta.pt\/\" \/>\n<meta property=\"og:locale\" content=\"pt_BR\" \/>\n<meta property=\"og:type\" content=\"article\" \/>\n<meta property=\"og:title\" content=\"Luciano Cerqueira - Terapeuta - Luciano Cerqueira\" \/>\n<meta property=\"og:description\" content=\"Luciano Cerqueira Terapeuta Energ\u00e9tico Espiritual CLIQUE AQUI E FALE COMIGO NO WHATSAPP CLIQUE AQUI E VISITE MEU INSTAGRAM Escolha um dos bot\u00f5es acima e entre em contato comigo. A privacidade de nossos clientes \u00e9 uma prioridade para n\u00f3s. Para isso, seguimos rigorosamente as diretrizes da Lei Geral de Prote\u00e7\u00e3o de Dados (LGPD). Garantimos que todas [&hellip;]\" \/>\n<meta property=\"og:url\" content=\"https:\/\/lucianocerqueira-terapeuta.pt\/\" \/>\n<meta property=\"og:site_name\" content=\"Luciano Cerqueira\" \/>\n<meta property=\"article:modified_time\" content=\"2025-02-19T14:57:43+00:00\" \/>\n<meta property=\"og:image\" content=\"https:\/\/lucianocerqueira-terapeuta.pt\/wp-content\/uploads\/2025\/02\/LC-favicon.png\" \/>\n\t<meta property=\"og:image:width\" content=\"512\" \/>\n\t<meta property=\"og:image:height\" content=\"512\" \/>\n\t<meta property=\"og:image:type\" content=\"image\/png\" \/>\n<meta name=\"twitter:card\" content=\"summary_large_image\" \/>\n<meta name=\"twitter:label1\" content=\"Est. tempo de leitura\" \/>\n\t<meta name=\"twitter:data1\" content=\"1 minuto\" \/>\n<script type=\"application\/ld+json\" class=\"yoast-schema-graph\">{\"@context\":\"https:\/\/schema.org\",\"@graph\":[{\"@type\":\"WebPage\",\"@id\":\"https:\/\/lucianocerqueira-terapeuta.pt\/\",\"url\":\"https:\/\/lucianocerqueira-terapeuta.pt\/\",\"name\":\"Luciano Cerqueira - Terapeuta - Luciano Cerqueira\",\"isPartOf\":{\"@id\":\"https:\/\/lucianocerqueira-terapeuta.pt\/#website\"},\"primaryImageOfPage\":{\"@id\":\"https:\/\/lucianocerqueira-terapeuta.pt\/#primaryimage\"},\"image\":{\"@id\":\"https:\/\/lucianocerqueira-terapeuta.pt\/#primaryimage\"},\"thumbnailUrl\":\"https:\/\/lucianocerqueira-terapeuta.pt\/wp-content\/uploads\/2025\/02\/LC-favicon.png\",\"datePublished\":\"2025-02-19T13:46:07+00:00\",\"dateModified\":\"2025-02-19T14:57:43+00:00\",\"breadcrumb\":{\"@id\":\"https:\/\/lucianocerqueira-terapeuta.pt\/#breadcrumb\"},\"inLanguage\":\"pt-BR\",\"potentialAction\":[{\"@type\":\"ReadAction\",\"target\":[\"https:\/\/lucianocerqueira-terapeuta.pt\/\"]}]},{\"@type\":\"ImageObject\",\"inLanguage\":\"pt-BR\",\"@id\":\"https:\/\/lucianocerqueira-terapeuta.pt\/#primaryimage\",\"url\":\"https:\/\/lucianocerqueira-terapeuta.pt\/wp-content\/uploads\/2025\/02\/LC-favicon.png\",\"contentUrl\":\"https:\/\/lucianocerqueira-terapeuta.pt\/wp-content\/uploads\/2025\/02\/LC-favicon.png\",\"width\":512,\"height\":512},{\"@type\":\"BreadcrumbList\",\"@id\":\"https:\/\/lucianocerqueira-terapeuta.pt\/#breadcrumb\",\"itemListElement\":[{\"@type\":\"ListItem\",\"position\":1,\"name\":\"In\u00edcio\",\"item\":\"https:\/\/lucianocerqueira-terapeuta.pt\/\"},{\"@type\":\"ListItem\",\"position\":2,\"name\":\"Luciano Cerqueira &#8211; Terapeuta\"}]},{\"@type\":\"WebSite\",\"@id\":\"https:\/\/lucianocerqueira-terapeuta.pt\/#website\",\"url\":\"https:\/\/lucianocerqueira-terapeuta.pt\/\",\"name\":\"Luciano Cerqueira\",\"description\":\"\",\"potentialAction\":[{\"@type\":\"SearchAction\",\"target\":{\"@type\":\"EntryPoint\",\"urlTemplate\":\"https:\/\/lucianocerqueira-terapeuta.pt\/?s={search_term_string}\"},\"query-input\":{\"@type\":\"PropertyValueSpecification\",\"valueRequired\":true,\"valueName\":\"search_term_string\"}}],\"inLanguage\":\"pt-BR\"}]}<\/script>\n<!-- \/ Yoast SEO plugin. -->","yoast_head_json":{"title":"Luciano Cerqueira - Terapeuta - Luciano Cerqueira","robots":{"index":"index","follow":"follow","max-snippet":"max-snippet:-1","max-image-preview":"max-image-preview:large","max-video-preview":"max-video-preview:-1"},"canonical":"https:\/\/lucianocerqueira-terapeuta.pt\/","og_locale":"pt_BR","og_type":"article","og_title":"Luciano Cerqueira - Terapeuta - Luciano Cerqueira","og_description":"Luciano Cerqueira Terapeuta Energ\u00e9tico Espiritual CLIQUE AQUI E FALE COMIGO NO WHATSAPP CLIQUE AQUI E VISITE MEU INSTAGRAM Escolha um dos bot\u00f5es acima e entre em contato comigo. A privacidade de nossos clientes \u00e9 uma prioridade para n\u00f3s. Para isso, seguimos rigorosamente as diretrizes da Lei Geral de Prote\u00e7\u00e3o de Dados (LGPD). Garantimos que todas [&hellip;]","og_url":"https:\/\/lucianocerqueira-terapeuta.pt\/","og_site_name":"Luciano Cerqueira","article_modified_time":"2025-02-19T14:57:43+00:00","og_image":[{"width":512,"height":512,"url":"https:\/\/lucianocerqueira-terapeuta.pt\/wp-content\/uploads\/2025\/02\/LC-favicon.png","type":"image\/png"}],"twitter_card":"summary_large_image","twitter_misc":{"Est. tempo de leitura":"1 minuto"},"schema":{"@context":"https:\/\/schema.org","@graph":[{"@type":"WebPage","@id":"https:\/\/lucianocerqueira-terapeuta.pt\/","url":"https:\/\/lucianocerqueira-terapeuta.pt\/","name":"Luciano Cerqueira - Terapeuta - Luciano Cerqueira","isPartOf":{"@id":"https:\/\/lucianocerqueira-terapeuta.pt\/#website"},"primaryImageOfPage":{"@id":"https:\/\/lucianocerqueira-terapeuta.pt\/#primaryimage"},"image":{"@id":"https:\/\/lucianocerqueira-terapeuta.pt\/#primaryimage"},"thumbnailUrl":"https:\/\/lucianocerqueira-terapeuta.pt\/wp-content\/uploads\/2025\/02\/LC-favicon.png","datePublished":"2025-02-19T13:46:07+00:00","dateModified":"2025-02-19T14:57:43+00:00","breadcrumb":{"@id":"https:\/\/lucianocerqueira-terapeuta.pt\/#breadcrumb"},"inLanguage":"pt-BR","potentialAction":[{"@type":"ReadAction","target":["https:\/\/lucianocerqueira-terapeuta.pt\/"]}]},{"@type":"ImageObject","inLanguage":"pt-BR","@id":"https:\/\/lucianocerqueira-terapeuta.pt\/#primaryimage","url":"https:\/\/lucianocerqueira-terapeuta.pt\/wp-content\/uploads\/2025\/02\/LC-favicon.png","contentUrl":"https:\/\/lucianocerqueira-terapeuta.pt\/wp-content\/uploads\/2025\/02\/LC-favicon.png","width":512,"height":512},{"@type":"BreadcrumbList","@id":"https:\/\/lucianocerqueira-terapeuta.pt\/#breadcrumb","itemListElement":[{"@type":"ListItem","position":1,"name":"In\u00edcio","item":"https:\/\/lucianocerqueira-terapeuta.pt\/"},{"@type":"ListItem","position":2,"name":"Luciano Cerqueira &#8211; Terapeuta"}]},{"@type":"WebSite","@id":"https:\/\/lucianocerqueira-terapeuta.pt\/#website","url":"https:\/\/lucianocerqueira-terapeuta.pt\/","name":"Luciano Cerqueira","description":"","potentialAction":[{"@type":"SearchAction","target":{"@type":"EntryPoint","urlTemplate":"https:\/\/lucianocerqueira-terapeuta.pt\/?s={search_term_string}"},"query-input":{"@type":"PropertyValueSpecification","valueRequired":true,"valueName":"search_term_string"}}],"inLanguage":"pt-BR"}]}},"_links":{"self":[{"href":"https:\/\/lucianocerqueira-terapeuta.pt\/index.php?rest_route=\/wp\/v2\/pages\/8","targetHints":{"allow":["GET"]}}],"collection":[{"href":"https:\/\/lucianocerqueira-terapeuta.pt\/index.php?rest_route=\/wp\/v2\/pages"}],"about":[{"href":"https:\/\/lucianocerqueira-terapeuta.pt\/index.php?rest_route=\/wp\/v2\/types\/page"}],"author":[{"embeddable":true,"href":"https:\/\/lucianocerqueira-terapeuta.pt\/index.php?rest_route=\/wp\/v2\/users\/1"}],"replies":[{"embeddable":true,"href":"https:\/\/lucianocerqueira-terapeuta.pt\/index.php?rest_route=%2Fwp%2Fv2%2Fcomments&post=8"}],"version-history":[{"count":45,"href":"https:\/\/lucianocerqueira-terapeuta.pt\/index.php?rest_route=\/wp\/v2\/pages\/8\/revisions"}],"predecessor-version":[{"id":62,"href":"https:\/\/lucianocerqueira-terapeuta.pt\/index.php?rest_route=\/wp\/v2\/pages\/8\/revisions\/62"}],"wp:featuredmedia":[{"embeddable":true,"href":"https:\/\/lucianocerqueira-terapeuta.pt\/index.php?rest_route=\/wp\/v2\/media\/23"}],"wp:attachment":[{"href":"https:\/\/lucianocerqueira-terapeuta.pt\/index.php?rest_route=%2Fwp%2Fv2%2Fmedia&parent=8"}],"curies":[{"name":"wp","href":"https:\/\/api.w.org\/{rel}","templated":true}]}}